{"id":2,"date":"2023-11-16T08:35:35","date_gmt":"2023-11-16T08:35:35","guid":{"rendered":"https:\/\/linstat2024.science.upjs.sk\/?page_id=2"},"modified":"2024-06-27T08:48:04","modified_gmt":"2024-06-27T08:48:04","slug":"sample-page","status":"publish","type":"page","link":"https:\/\/linstat2024.science.upjs.sk\/?page_id=2","title":{"rendered":"Committees"},"content":{"rendered":"\n<div class=\"wp-container-3 wp-block-columns\">\n<div class=\"wp-container-1 wp-block-column committee-block\">\n<h4 class=\"has-black-color has-text-color has-medium-font-size\" style=\"font-style:normal;font-weight:500\">Scientific Committee<\/h4>\n\n\n\n<ul><li>Ivan \u017de\u017eula (Slovakia) &#8211; Chair<\/li><li>Anthony C. Atkinson (UK)<\/li><li>Augustyn Markiewicz (Poland)<\/li><li>Jo\u00e3o Tiago Mexia (Portugal)<\/li><li>Simo Puntanen (Finland)<\/li><li>Dietrich von Rosen (Sweden)<\/li><li>M\u00fcjgan Tez (Turkey)<\/li><li>G\u00f6tz Trenkler (Germany)<\/li><li>Roman Zmy\u015blony (Poland)<\/li><\/ul>\n<\/div>\n\n\n\n<div class=\"wp-container-2 wp-block-column committee-block\">\n<h4 class=\"has-black-color has-text-color has-medium-font-size\" style=\"font-style:normal;font-weight:500\">Organizing Committee<\/h4>\n\n\n\n<ul><li>Daniel Klein (Slovakia) &#8211; Chair<\/li><li>Katarzyna Filipiak (Poland)<\/li><li>Jozef Han\u010d (Slovakia)<\/li><li>Martina Han\u010dov\u00e1 (Slovakia)<\/li><li>Monika Mokrzycka (Poland)<\/li><\/ul>\n<\/div>\n<\/div>\n","protected":false},"excerpt":{"rendered":"<p>Scientific Committee Ivan \u017de\u017eula (Slovakia) &#8211; Chair Anthony C. Atkinson (UK) Augustyn Markiewicz (Poland) Jo\u00e3o Tiago Mexia (Portugal) Simo Puntanen (Finland) Dietrich von Rosen (Sweden)&hellip;<\/p>\n","protected":false},"author":2,"featured_media":0,"parent":0,"menu_order":0,"comment_status":"closed","ping_status":"open","template":"","meta":[],"_links":{"self":[{"href":"https:\/\/linstat2024.science.upjs.sk\/index.php?rest_route=\/wp\/v2\/pages\/2"}],"collection":[{"href":"https:\/\/linstat2024.science.upjs.sk\/index.php?rest_route=\/wp\/v2\/pages"}],"about":[{"href":"https:\/\/linstat2024.science.upjs.sk\/index.php?rest_route=\/wp\/v2\/types\/page"}],"author":[{"embeddable":true,"href":"https:\/\/linstat2024.science.upjs.sk\/index.php?rest_route=\/wp\/v2\/users\/2"}],"replies":[{"embeddable":true,"href":"https:\/\/linstat2024.science.upjs.sk\/index.php?rest_route=%2Fwp%2Fv2%2Fcomments&post=2"}],"version-history":[{"count":30,"href":"https:\/\/linstat2024.science.upjs.sk\/index.php?rest_route=\/wp\/v2\/pages\/2\/revisions"}],"predecessor-version":[{"id":844,"href":"https:\/\/linstat2024.science.upjs.sk\/index.php?rest_route=\/wp\/v2\/pages\/2\/revisions\/844"}],"wp:attachment":[{"href":"https:\/\/linstat2024.science.upjs.sk\/index.php?rest_route=%2Fwp%2Fv2%2Fmedia&parent=2"}],"curies":[{"name":"wp","href":"https:\/\/api.w.org\/{rel}","templated":true}]}}