{"id":259,"date":"2023-11-24T11:25:24","date_gmt":"2023-11-24T11:25:24","guid":{"rendered":"https:\/\/linstat2024.science.upjs.sk\/?page_id=259"},"modified":"2023-11-24T23:12:07","modified_gmt":"2023-11-24T23:12:07","slug":"related-conferences","status":"publish","type":"page","link":"https:\/\/linstat2024.science.upjs.sk\/?page_id=259","title":{"rendered":"Related conferences"},"content":{"rendered":"\n<div class=\"wp-container-3 wp-block-columns\">\n<div class=\"wp-container-1 wp-block-column committee-block\">\n<h4 style=\"font-style:normal;font-weight:600\">Previous LinStat conferences<\/h4>\n\n\n\n<ul><li>Wis\u0142a, Poland (1977, 1978, 1980)<\/li><li>Pozna\u0144, Poland (1984)<\/li><li>Olsztyn, Poland (1988)<\/li><li>Pozna\u0144, Poland &#8211; LINSTAT&#8217;93<\/li><li>Jachranka, Poland (1996)<\/li><li>\u0141ag\u00f3w, Poland &#8211; STAT&#8217;98<\/li><li>B\u0119dlewo, Poland &#8211; STATLIN&#8217;03<\/li><li>B\u0119dlewo, Poland &#8211; <a rel=\"noreferrer noopener\" href=\"http:\/\/linstat08.au.poznan.pl\/\" target=\"_blank\">LINSTAT&#8217;2008<\/a> &#8211; in celebration of T. Cali\u0144ski&#8217;s 80th birthday<\/li><li>Tomar, Portugal &#8211; <a rel=\"noreferrer noopener\" href=\"http:\/\/www.linstat2010.ipt.pt\/\" target=\"_blank\">LINSTAT&#8217;2010<\/a><\/li><li>B\u0119dlewo, Poland &#8211; <a rel=\"noreferrer noopener\" href=\"http:\/\/linstat2012.au.poznan.pl\/\" target=\"_blank\">LINSTAT&#8217;2012<\/a><\/li><li>Link\u00f6ping, Sweden &#8211; <a rel=\"noreferrer noopener\" href=\"http:\/\/conferences.mai.liu.se\/LinStat2014\/\" target=\"_blank\">LINSTAT&#8217;2014<\/a><\/li><li>Istanbul, Turkey &#8211; <a rel=\"noreferrer noopener\" href=\"http:\/\/ist.fef.marmara.edu.tr\/etkinlikler\/linstat-2016\" target=\"_blank\">LINSTAT&#8217;2016<\/a><\/li><li>B\u0119dlewo, Poland &#8211; <a rel=\"noreferrer noopener\" href=\"http:\/\/www.linstat2018.put.poznan.pl\/\" target=\"_blank\">LINSTAT&#8217;2018<\/a> &#8211; with celebration of T. Cali\u0144ski&#8217;s 90th birthday<\/li><li>B\u0119dlewo, Poland &#8211; <a rel=\"noreferrer noopener\" href=\"https:\/\/linstat2020.science.upjs.sk\/\" data-type=\"URL\" data-id=\"https:\/\/linstat2020.science.upjs.sk\/\" target=\"_blank\">LINSTAT&#8217;2020<\/a> &#8211; due to Covid organized in 2021<\/li><li>Tomar, Portugal &#8211; <a href=\"http:\/\/www.linstat.ipt.pt\/2022\/\" data-type=\"URL\" data-id=\"http:\/\/www.linstat.ipt.pt\/2022\/\" target=\"_blank\" rel=\"noreferrer noopener\">LINSTAT&#8217;2022<\/a><\/li><\/ul>\n<\/div>\n\n\n\n<div class=\"wp-container-2 wp-block-column committee-block\">\n<h4 style=\"font-style:normal;font-weight:600\">Related conferences<\/h4>\n\n\n\n<ul><li><a rel=\"noreferrer noopener\" href=\"https:\/\/sisu.ut.ee\/tartumvs2020\/main\" data-type=\"URL\" data-id=\"https:\/\/sisu.ut.ee\/tartumvs2020\/main\" target=\"_blank\">11th Tartu Conference on Multivariate Statistics. Tartu, Estonia, 25-28 June 2024<\/a><\/li><li>PROBASTAT 2024, 8th International Conference on Probability and Statistics, Smolenice Castle, Slovakia, 20 &#8211; 25 May 2024 <\/li><\/ul>\n<\/div>\n<\/div>\n","protected":false},"excerpt":{"rendered":"<p>Previous LinStat conferences Wis\u0142a, Poland (1977, 1978, 1980) Pozna\u0144, Poland (1984) Olsztyn, Poland (1988) Pozna\u0144, Poland &#8211; LINSTAT&#8217;93 Jachranka, Poland (1996) \u0141ag\u00f3w, Poland &#8211; STAT&#8217;98&hellip;<\/p>\n","protected":false},"author":2,"featured_media":0,"parent":0,"menu_order":0,"comment_status":"closed","ping_status":"closed","template":"","meta":[],"_links":{"self":[{"href":"https:\/\/linstat2024.science.upjs.sk\/index.php?rest_route=\/wp\/v2\/pages\/259"}],"collection":[{"href":"https:\/\/linstat2024.science.upjs.sk\/index.php?rest_route=\/wp\/v2\/pages"}],"about":[{"href":"https:\/\/linstat2024.science.upjs.sk\/index.php?rest_route=\/wp\/v2\/types\/page"}],"author":[{"embeddable":true,"href":"https:\/\/linstat2024.science.upjs.sk\/index.php?rest_route=\/wp\/v2\/users\/2"}],"replies":[{"embeddable":true,"href":"https:\/\/linstat2024.science.upjs.sk\/index.php?rest_route=%2Fwp%2Fv2%2Fcomments&post=259"}],"version-history":[{"count":3,"href":"https:\/\/linstat2024.science.upjs.sk\/index.php?rest_route=\/wp\/v2\/pages\/259\/revisions"}],"predecessor-version":[{"id":455,"href":"https:\/\/linstat2024.science.upjs.sk\/index.php?rest_route=\/wp\/v2\/pages\/259\/revisions\/455"}],"wp:attachment":[{"href":"https:\/\/linstat2024.science.upjs.sk\/index.php?rest_route=%2Fwp%2Fv2%2Fmedia&parent=259"}],"curies":[{"name":"wp","href":"https:\/\/api.w.org\/{rel}","templated":true}]}}